{"id":349,"date":"2016-10-25T10:50:50","date_gmt":"2016-10-25T08:50:50","guid":{"rendered":"http:\/\/matecs.pl\/de\/?page_id=349"},"modified":"2016-10-25T10:53:59","modified_gmt":"2016-10-25T08:53:59","slug":"cookie-politik","status":"publish","type":"page","link":"https:\/\/matecs.pl\/de\/cookie-politik\/","title":{"rendered":"Cookie Politik"},"content":{"rendered":"<h3><strong>Datenschutzerkl\u00e4rung vom Webservice\u00a0matecs.pl<\/strong><\/h3>\n<p>&nbsp;<\/p>\n<p><strong>1. Allgemeine Informationen.<\/strong><\/p>\n<p>1. Der Betreiber vom Webservice\u00a0matecs.pl, Matecs,\u00a0ul. Z\u0142otoryjska 178-184, 59-220 Legnica, POLSKA.<br \/>\n2. Vom Webservice werden die Funktionen zur Erhebung von Informationen \u00fcber die Benutzer und ihr Verhalten auf folgende Art und Weise ausgef\u00fchrt:<br \/>\na. Durch Informationen, die freiwillig in den Formularen angegeben wurden.<br \/>\nb. Durch Speichern der Cookie-Dateien (sog. ?Cookies?) in den Endeinrichtungen.<br \/>\nc. Durch Sammeln der Logins des Webservers durch den Hostbetreiber\u00a0home.pl<\/p>\n<p><strong>2. Informationen in den Formularen.<\/strong><\/p>\n<p>1. Vom Webservice werden die freiwillig vom Benutzer angegebenen Informationen gesammelt.<br \/>\n2. Vom Webservice k\u00f6nnen dar\u00fcber hinaus die Informationen \u00fcber die Parameter der Verbindung (Zeitbestimmung, IP-Adresse) gesammelt werden.<br \/>\n3. Die Daten im Formular werden Dritten ausschlie\u00dflich mit dem Einverst\u00e4ndnis des Benutzers zur Verf\u00fcgung gestellt.<br \/>\n4. Die im Formular angegebenen Daten k\u00f6nnen eine Basis potenzieller Kunden darstellen, die vom Webservice-Betreiber im durch den Generalinspekteur f\u00fcr den Datenschutz gef\u00fchrten Verzeichnis registriert ist.<br \/>\n5. Die im Formular angegebenen Daten werden zweckm\u00e4\u00dfig mit dem Ziel, das aus der Funktion eines bestimmten Formulars folgt, beispielsweise zur Betreuung einer Webservice-Anfrage oder eines Gesch\u00e4ftskontakts, verarbeitet.<br \/>\n6. Die in den Formularen angegebenen Daten k\u00f6nnen den Subjekten \u00fcbergeben werden, die manche technischen Dienste ausf\u00fchren ? insbesondere bezieht sich dies auf die Weiterleitung von Informationen \u00fcber Inhaber einer registrierten Dom\u00e4ne an Subjekte, die die Betreiber von Webdom\u00e4nen sind (vor allem Naukowa i Akademicka Sie\u0107 Komputerowa j.b.r ? NASK (Das Wissenschaftliche und Akademische Netzwerk)), an Webservice, die Zahlungen ausf\u00fchren, und auch an andere Subjekte, mit denen der Betreiber vom Webservice in diesem Zusammenhang zusammenarbeitet.<\/p>\n<p><strong>3. Information \u00fcber die Cookie-Dateien.<\/strong><\/p>\n<p>1. Der Webservice benutzt Cookie-Dateien.<br \/>\n2. Die Cookie-Dateien (sog. ?Cookies?) stellen Computerdateien dar, insbesondere Textdateien, die auf der Endeinrichtung des Webservice-Benutzers gespeichert werden und die zur Nutzung von Webseiten des Services bestimmt sind. Die Cookies beinhalten gew\u00f6hnlich den Namen der Website, von der sie stammen, die Zeit ihrer Aufbewahrung auf der Endeinrichtung und eine einmalige Nummer.<br \/>\n3. Das Subjekt, das die Cookie-Dateien auf der Endeinrichtung des Webservice-Benutzers platziert und das den Zugang zu ihnen erwirbt, ist der Betreiber des Services.<br \/>\n4. Die Cookie-Dateien werden zu folgenden Zielen benutzt:<br \/>\na. Gestaltung der Statistiken, die beim Verstehen der Nutzungsmethode von Webseiten durch Webservice-Benutzer behilflich sind, wodurch die Verbesserung ihrer Struktur und ihres Inhalts bezweckt wird.<br \/>\nb. Unterhaltung der Session des Webservice-Benutzers (nach dem Einloggen), dank deren der Benutzer auf jeder Unterseite des Webservices seinen Login und sein Passwort nicht eingeben muss.<br \/>\nc. Bestimmung des Benutzerprofils, um ihm angepasste Materialien von Werbenetzen, insbesondere die von Google, anzuzeigen.<br \/>\n5. Im Rahmen des Services werden zwei grunds\u00e4tzliche Typen der Cookie-Dateien angewendet: ?Sessions-Cookies? (session cookies) und ?best\u00e4ndige Cookies? (persistent cookies). Die Sessions-Cookies sind tempor\u00e4re Dateien, die in der Endeinrichtung des Benutzers bis zum Zeitpunkt des Ausloggens, des Verlassens der Website oder der Ausschaltung der Software (Webbrowser) aufbewahrt werden. Die best\u00e4ndigen Cookie-Dateien werden in der Endeinrichtung des Benutzers gem\u00e4\u00df den Zeitbestimmungen in den Parametern der Cookie-Dateien oder bis zum Zeitpunkt ihrer Entfernung durch die Benutzer aufbewahrt.<br \/>\n6. Von der Software f\u00fcr die Durchsuchung von Websites (Webbrowser) wird gew\u00f6hnlich die Aufbewahrung der Cookie-Dateien in der Endeinrichtung des Benutzers voreingestellt zugelassen. Die Benutzer des Webservices k\u00f6nnen die \u00c4nderung der Einstellungen in dieser Hinsicht durchf\u00fchren. Der Webbrowser erm\u00f6glicht die Entfernung der Cookie-Dateien. Es ist auch eine automatische Sperrung der Cookie-Dateien m\u00f6glich. Die detaillierten Informationen finden Sie im Support oder in der Dokumentation der Webbrowser.<br \/>\n7. Die Eingrenzungen f\u00fcr die Anwendung der Cookie-Dateien k\u00f6nnen manche Funktionen begrenzen, die auf den Webseiten des Services zug\u00e4nglich sind.<br \/>\n8. Die Cookie-Dateien, die in der Endeinrichtung des Webservice-Benutzers platziert werden, k\u00f6nnen auch von den Werbeauftraggebern und Partnern in Anspruch genommen werden, die mit dem Webservice-Betreiber zusammenarbeiten.<br \/>\n9. Wir empfehlen somit die Datenschutzerkl\u00e4rung dieser Firmen zu lesen, um sich mit den Regeln f\u00fcr die Nutzung der Cookie-Dateien bekannt zu machen, die in Statistiken benutzt werden: Datenschutzerkl\u00e4rung Google Analytics.<br \/>\n10. Die Cookie-Dateien k\u00f6nnen von Werbenetzwerken, insbesondere vom Google-Netzwerk, zum Anzeigen von Werbungen benutzt werden, die an die Benutzungsweise des Service vom Benutzer angepasst sind. Zu diesem Ziel k\u00f6nnen von diesen Dateien die Informationen \u00fcber die Navigationsspur des Benutzers oder \u00fcber die Besuchszeit der gegebenen Seite aufbewahrt werden.<br \/>\n11. Im Bereich der Informationen \u00fcber die Benutzerpr\u00e4ferenzen, die vom Werbenetzwerk Google gesammelt werden, kann der Benutzer die aus den Cookie-Dateien folgenden Informationen anhand des Werkzeugs: https:\/\/www.google.com\/ads\/preferences\/ durchsuchen und editieren.<\/p>\n<p><strong>4. Server-Logins.<\/strong><\/p>\n<p>1. Informationen \u00fcber manches Verhalten des Benutzers unterliegen dem Login in der Server-Schicht. Diese Daten werden ausschlie\u00dflich zur Verwaltung des Webservices und zur Sicherung der reibungslos verlaufenden Betreuung der geleisteten Hosting-Dienste benutzt.<br \/>\n2. Die durchgesehenen Best\u00e4nde werden durch die URL-Adresse identifiziert. Dar\u00fcber hinaus k\u00f6nnen auch folgende Informationen gespeichert werden:<br \/>\na. der Zeitpunkt des Eingangs einer Anfrage,<br \/>\nb. die Versandszeit der Antwort,<br \/>\nc. der Name der Kundenstation ? Identifizierung wird durch das HTTP-Protokoll ausgef\u00fchrt,<br \/>\nd. die Informationen \u00fcber Fehler, die bei der Ausf\u00fchrung der HTTP-Transaktion aufgetreten sind,<br \/>\ne. die URL-Adresse der vorher durch den Benutzer besuchten Website (refer link) ? falls der \u00dcbergang auf den Webserver durch Hyperlink erfolgte,<br \/>\nf. die Informationen \u00fcber den Benutzer-Browser,<br \/>\ng. die Informationen \u00fcber die IP-Adresse.<br \/>\n3. Die oben genannten Daten werden mit keinen bestimmten, die Seiten durchsuchenden Personen verkn\u00fcpft.<br \/>\n4. Die oben genannten Daten werden ausschlie\u00dflich zu Zielen der Serververwaltung benutzt.<\/p>\n<p><strong>5. Zurverf\u00fcgungstellung der Daten.<\/strong><\/p>\n<p>1. Die Daten werden den externen Subjekten ausschlie\u00dflich in den gesetzlich zugelassenen Grenzen zur Verf\u00fcgung gestellt.<br \/>\n2. Die Daten, die die Identifizierung der nat\u00fcrlichen Person erm\u00f6glichen, werden nur mit dem Einverst\u00e4ndnis dieser Person zur Verf\u00fcgung gestellt.<br \/>\n3. Der Betreiber kann verpflichtet sein, die durch den Webservice gesammelten Dateien den befugten Beh\u00f6rden auf Grundlage der rechtm\u00e4\u00dfigen Forderungen im einen aus der Forderung folgenden Umfang zur Verf\u00fcgung zu stellen.<\/p>\n<p><strong>6. Verwaltung der Cookie-Dateien ? wie soll man in der Praxis sein Einverst\u00e4ndnis abgeben und zur\u00fcckziehen?<\/strong><\/p>\n<p>1. Wenn der Benutzer keine Cookie-Dateien erhalten will, kann er die Einstellungen des Browsers \u00e4ndern. Wir verwahren aber, dass das Ausschalten der Unterst\u00fctzung der Cookie-Dateien, die f\u00fcr Prozesse der Authentifizierung, Sicherheit und Aufbewahrung der Benutzer-Pr\u00e4ferenzen notwendig sind, die Nutzung der Webseiten erschweren und in \u00e4u\u00dfersten Situationen sogar unm\u00f6glich machen kann.<br \/>\n2. F\u00fcr die Verwaltung der Cookie-Einstellungen w\u00e4hlen Sie aus der unteren Liste den Webbrowser\/das System aus und handeln Sie gem\u00e4\u00df der Anweisungen:<br \/>\na. Internet Explorer<br \/>\nb. Chrome<br \/>\nc. Safari<br \/>\nd. Firefox<br \/>\ne. Opera<br \/>\nf. Android<br \/>\ng. Safari (iOS)<br \/>\nh. Windows Phone<br \/>\ni. Blackberry<\/p>\n<p>&nbsp;<\/p>\n","protected":false},"excerpt":{"rendered":"<p>Datenschutzerkl\u00e4rung vom Webservice\u00a0matecs.pl &nbsp; 1. Allgemeine Informationen. 1. Der Betreiber vom Webservice\u00a0matecs.pl, Matecs,\u00a0ul. Z\u0142otoryjska 178-184, 59-220 Legnica, POLSKA. 2. Vom Webservice werden die Funktionen zur Erhebung<span class=\"excerpt-hellip\"> [\u2026]<\/span><\/p>\n","protected":false},"author":1,"featured_media":0,"parent":0,"menu_order":0,"comment_status":"closed","ping_status":"closed","template":"","meta":[],"yoast_head":"<!-- This site is optimized with the Yoast SEO plugin v15.3 - https:\/\/yoast.com\/wordpress\/plugins\/seo\/ -->\n<title>Cookie Politik - Matecs<\/title>\n<meta name=\"robots\" content=\"index, follow, max-snippet:-1, max-image-preview:large, max-video-preview:-1\" \/>\n<link rel=\"canonical\" href=\"https:\/\/matecs.pl\/de\/cookie-politik\/\" \/>\n<meta property=\"og:locale\" content=\"de_DE\" \/>\n<meta property=\"og:type\" content=\"article\" \/>\n<meta property=\"og:title\" content=\"Cookie Politik - Matecs\" \/>\n<meta property=\"og:description\" content=\"Datenschutzerkl\u00e4rung vom Webservice\u00a0matecs.pl &nbsp; 1. Allgemeine Informationen. 1. Der Betreiber vom Webservice\u00a0matecs.pl, Matecs,\u00a0ul. Z\u0142otoryjska 178-184, 59-220 Legnica, POLSKA. 2. Vom Webservice werden die Funktionen zur Erhebung [\u2026]\" \/>\n<meta property=\"og:url\" content=\"https:\/\/matecs.pl\/de\/cookie-politik\/\" \/>\n<meta property=\"og:site_name\" content=\"Matecs\" \/>\n<meta property=\"article:modified_time\" content=\"2016-10-25T08:53:59+00:00\" \/>\n<meta name=\"twitter:card\" content=\"summary\" \/>\n<meta name=\"twitter:label1\" content=\"Verfasst von\">\n\t<meta name=\"twitter:data1\" content=\"matecs\">\n\t<meta name=\"twitter:label2\" content=\"Gesch\u00e4tzte Lesezeit\">\n\t<meta name=\"twitter:data2\" content=\"4\u00a0Minuten\">\n<script type=\"application\/ld+json\" class=\"yoast-schema-graph\">{\"@context\":\"https:\/\/schema.org\",\"@graph\":[{\"@type\":\"WebSite\",\"@id\":\"https:\/\/matecs.pl\/en\/#website\",\"url\":\"https:\/\/matecs.pl\/en\/\",\"name\":\"Matecs\",\"description\":\"MANUFACTURING AND TECHNOLOGIES. Wir sind als Lieferant im Automotive-Bereich global t\\u00e4tig.\",\"potentialAction\":[{\"@type\":\"SearchAction\",\"target\":\"https:\/\/matecs.pl\/en\/?s={search_term_string}\",\"query-input\":\"required name=search_term_string\"}],\"inLanguage\":\"de\"},{\"@type\":\"WebPage\",\"@id\":\"https:\/\/matecs.pl\/de\/cookie-politik\/#webpage\",\"url\":\"https:\/\/matecs.pl\/de\/cookie-politik\/\",\"name\":\"Cookie Politik - Matecs\",\"isPartOf\":{\"@id\":\"https:\/\/matecs.pl\/en\/#website\"},\"datePublished\":\"2016-10-25T08:50:50+00:00\",\"dateModified\":\"2016-10-25T08:53:59+00:00\",\"inLanguage\":\"de\",\"potentialAction\":[{\"@type\":\"ReadAction\",\"target\":[\"https:\/\/matecs.pl\/de\/cookie-politik\/\"]}]}]}<\/script>\n<!-- \/ Yoast SEO plugin. -->","_links":{"self":[{"href":"https:\/\/matecs.pl\/de\/wp-json\/wp\/v2\/pages\/349"}],"collection":[{"href":"https:\/\/matecs.pl\/de\/wp-json\/wp\/v2\/pages"}],"about":[{"href":"https:\/\/matecs.pl\/de\/wp-json\/wp\/v2\/types\/page"}],"author":[{"embeddable":true,"href":"https:\/\/matecs.pl\/de\/wp-json\/wp\/v2\/users\/1"}],"replies":[{"embeddable":true,"href":"https:\/\/matecs.pl\/de\/wp-json\/wp\/v2\/comments?post=349"}],"version-history":[{"count":3,"href":"https:\/\/matecs.pl\/de\/wp-json\/wp\/v2\/pages\/349\/revisions"}],"predecessor-version":[{"id":352,"href":"https:\/\/matecs.pl\/de\/wp-json\/wp\/v2\/pages\/349\/revisions\/352"}],"wp:attachment":[{"href":"https:\/\/matecs.pl\/de\/wp-json\/wp\/v2\/media?parent=349"}],"curies":[{"name":"wp","href":"https:\/\/api.w.org\/{rel}","templated":true}]}}